{"id":1971,"date":"2023-02-01T13:00:36","date_gmt":"2023-02-01T13:00:36","guid":{"rendered":"https:\/\/www.apartmani-rab.com\/app-2\/"},"modified":"2023-02-10T06:55:35","modified_gmt":"2023-02-10T06:55:35","slug":"ferienwohnungen-sandro-supetarska-draga-app2","status":"publish","type":"page","link":"https:\/\/www.apartmani-rab.com\/de\/ferienwohnungen-sandro-supetarska-draga-app2\/","title":{"rendered":"App 2"},"content":{"rendered":"\t\t<div data-elementor-type=\"wp-page\" data-elementor-id=\"1971\" class=\"elementor elementor-1971 elementor-1397\">\n\t\t\t\t\t\t<section class=\"elementor-section elementor-top-section elementor-element elementor-element-90ea1f5 elementor-section-boxed elementor-section-height-default elementor-section-height-default qodef-elementor-content-no\" data-id=\"90ea1f5\" data-element_type=\"section\">\n\t\t\t\t\t\t<div class=\"elementor-container elementor-column-gap-default\">\n\t\t\t\t\t<div class=\"elementor-column elementor-col-100 elementor-top-column elementor-element elementor-element-2b1d24a\" data-id=\"2b1d24a\" data-element_type=\"column\">\n\t\t\t<div class=\"elementor-widget-wrap elementor-element-populated\">\n\t\t\t\t\t\t<div class=\"elementor-element elementor-element-73e3fd4 elementor-widget__width-initial elementor-widget elementor-widget-qi_addons_for_elementor_section_title\" data-id=\"73e3fd4\" data-element_type=\"widget\" data-widget_type=\"qi_addons_for_elementor_section_title.default\">\n\t\t\t\t<div class=\"elementor-widget-container\">\n\t\t\t<div class=\"qodef-shortcode qodef-m  qodef-qi-section-title  qodef-decoration--italic  qodef-link--underline-draw qodef-subtitle-icon--left\">\n\t\t\t\t\t\t<h3 class=\"qodef-m-title\">\n\t\tAPP 2 RED 2+2 Personen<br> \u2b50\u2b50\u2b50\u2b50\t<\/h3>\n\t\t\t<\/div>\n\t\t<\/div>\n\t\t\t\t<\/div>\n\t\t\t\t\t<\/div>\n\t\t<\/div>\n\t\t\t\t\t<\/div>\n\t\t<\/section>\n\t\t\t\t<section class=\"elementor-section elementor-top-section elementor-element elementor-element-19591fe qodef-elementor-content-grid elementor-section-boxed elementor-section-height-default elementor-section-height-default\" data-id=\"19591fe\" data-element_type=\"section\">\n\t\t\t\t\t\t<div class=\"elementor-container elementor-column-gap-default\">\n\t\t\t\t\t<div class=\"elementor-column elementor-col-50 elementor-top-column elementor-element elementor-element-097fc50\" data-id=\"097fc50\" data-element_type=\"column\">\n\t\t\t<div class=\"elementor-widget-wrap elementor-element-populated\">\n\t\t\t\t\t\t<div class=\"elementor-element elementor-element-8834b79 elementor-widget__width-initial elementor-widget-tablet__width-inherit elementor-widget elementor-widget-qi_addons_for_elementor_section_title\" data-id=\"8834b79\" data-element_type=\"widget\" data-widget_type=\"qi_addons_for_elementor_section_title.default\">\n\t\t\t\t<div class=\"elementor-widget-container\">\n\t\t\t<div class=\"qodef-shortcode qodef-m  qodef-qi-section-title  qodef-decoration--italic  qodef-link--underline-draw qodef-subtitle-icon--left\">\n\t\t\t<h3 class=\"qodef-m-title\">\n\t\tAUSR\u00dcSTUNG\t<\/h3>\n\t\t\t\t<h6 class=\"qodef-m-subtitle\">\n\t\t2+2 PERSONEN\t\t\t<\/h6>\n\t\t\t<div class=\"qodef-m-text\"><p>K\u00fcche mit kompletter Ausstattung (Geschirrsp\u00fcler, Backofen, K\u00fchlschrank, Gefrierschrank, Wasserkocher, Kaffeemaschine, Toaster...) <br \/>Wohnzimmer mit Couch und TV\/SAT<br \/>Esszimmer<br \/>1 Schlafzimmer<br \/>1 Badezimmer (Waschmaschine)<br \/>Terrasse mit eigenem Grill und Sonnenliegen<br \/>Parkplatz<br \/>Wi-Fi<\/p><\/div>\n\t<\/div>\n\t\t<\/div>\n\t\t\t\t<\/div>\n\t\t\t\t\t<\/div>\n\t\t<\/div>\n\t\t\t\t<div class=\"elementor-column elementor-col-50 elementor-top-column elementor-element elementor-element-e41ab07\" data-id=\"e41ab07\" data-element_type=\"column\">\n\t\t\t<div class=\"elementor-widget-wrap elementor-element-populated\">\n\t\t\t\t\t\t<div class=\"elementor-element elementor-element-752cd93 elementor-widget__width-initial elementor-widget-tablet__width-inherit elementor-widget elementor-widget-qi_addons_for_elementor_section_title\" data-id=\"752cd93\" data-element_type=\"widget\" data-widget_type=\"qi_addons_for_elementor_section_title.default\">\n\t\t\t\t<div class=\"elementor-widget-container\">\n\t\t\t<div class=\"qodef-shortcode qodef-m  qodef-qi-section-title  qodef-decoration--italic  qodef-link--underline-draw qodef-subtitle-icon--left\">\n\t\t\t<h3 class=\"qodef-m-title\">\n\t\tENTFERNUNGEN\t<\/h3>\n\t\t\t\t<h6 class=\"qodef-m-subtitle\">\n\t\tAUS DER WOHNUNG\t\t\t<\/h6>\n\t\t\t<div class=\"qodef-m-text\"><p>Entfernung zum Meer 300 m (10 Minuten zu Fu\u00df)<br \/>Entfernung zum Gesch\u00e4ft 300 m<br \/>Entfernung zum Caf\u00e9\/Restaurant 250 m<br \/>Entfernung zum Bootsverleih 280 m<br \/>Die Entfernung vom Zentrum von Rab betr\u00e4gt 8 km<br \/>Die Entfernung von Lopar betr\u00e4gt 7 km<\/p><\/div>\n\t<\/div>\n\t\t<\/div>\n\t\t\t\t<\/div>\n\t\t\t\t\t<\/div>\n\t\t<\/div>\n\t\t\t\t\t<\/div>\n\t\t<\/section>\n\t\t\t\t<section class=\"elementor-section elementor-top-section elementor-element elementor-element-a54527f elementor-section-full_width elementor-section-height-default elementor-section-height-default qodef-elementor-content-no\" data-id=\"a54527f\" data-element_type=\"section\">\n\t\t\t\t\t\t<div class=\"elementor-container elementor-column-gap-default\">\n\t\t\t\t\t<div class=\"elementor-column elementor-col-100 elementor-top-column elementor-element elementor-element-20bb0be\" data-id=\"20bb0be\" data-element_type=\"column\">\n\t\t\t<div class=\"elementor-widget-wrap elementor-element-populated\">\n\t\t\t\t\t\t<div class=\"elementor-element elementor-element-e8b2dae elementor-widget elementor-widget-qi_addons_for_elementor_image_gallery\" data-id=\"e8b2dae\" data-element_type=\"widget\" data-widget_type=\"qi_addons_for_elementor_image_gallery.default\">\n\t\t\t\t<div class=\"elementor-widget-container\">\n\t\t\t<div class=\"qodef-shortcode qodef-m  qodef-qi-image-gallery qodef-qi-fslightbox-popup qodef-popup-gallery qodef-image--hover-zoom  qodef-qi-grid qodef-layout--qi-columns  qodef-col-num--4   qodef-responsive--custom qodef-col-num--1680--3 qodef-col-num--1440--4 qodef-col-num--1366--4 qodef-col-num--1024--3 qodef-col-num--768--2 qodef-col-num--680--2 qodef-col-num--480--2\">\n\t<div class=\"qodef-grid-inner\">\n\t\t<div class=\"qodef-e qodef-image-wrapper qodef-grid-item\">\n\t<div class=\"qodef-e-inner\">\n\t\t\t\t\t<a class=\"qodef-popup-item\" itemprop=\"image\" href=\"https:\/\/www.apartmani-rab.com\/wp-content\/uploads\/2023\/02\/apatmani-sandro-supetarska-draga-app201.jpg\" data-type=\"image\" data-fslightbox=\"gallery-865\">\n\t\t\t\t\t<img fetchpriority=\"high\" decoding=\"async\" src=\"https:\/\/www.apartmani-rab.com\/wp-content\/uploads\/2023\/02\/apatmani-sandro-supetarska-draga-app201-600x600.jpg\" alt=\"\" width=\"600\" height=\"600\" \/>\t\t\t\t\t<\/a>\n\t\t\t<\/div>\n<\/div>\n<div class=\"qodef-e qodef-image-wrapper qodef-grid-item\">\n\t<div class=\"qodef-e-inner\">\n\t\t\t\t\t<a class=\"qodef-popup-item\" itemprop=\"image\" href=\"https:\/\/www.apartmani-rab.com\/wp-content\/uploads\/2023\/02\/apatmani-sandro-supetarska-draga-app202.jpg\" data-type=\"image\" data-fslightbox=\"gallery-865\">\n\t\t\t\t\t<img decoding=\"async\" src=\"https:\/\/www.apartmani-rab.com\/wp-content\/uploads\/2023\/02\/apatmani-sandro-supetarska-draga-app202-600x600.jpg\" alt=\"\" width=\"600\" height=\"600\" \/>\t\t\t\t\t<\/a>\n\t\t\t<\/div>\n<\/div>\n<div class=\"qodef-e qodef-image-wrapper qodef-grid-item\">\n\t<div class=\"qodef-e-inner\">\n\t\t\t\t\t<a class=\"qodef-popup-item\" itemprop=\"image\" href=\"https:\/\/www.apartmani-rab.com\/wp-content\/uploads\/2023\/02\/apatmani-sandro-supetarska-draga-app203.jpg\" data-type=\"image\" data-fslightbox=\"gallery-865\">\n\t\t\t\t\t<img decoding=\"async\" src=\"https:\/\/www.apartmani-rab.com\/wp-content\/uploads\/2023\/02\/apatmani-sandro-supetarska-draga-app203-600x600.jpg\" alt=\"\" width=\"600\" height=\"600\" \/>\t\t\t\t\t<\/a>\n\t\t\t<\/div>\n<\/div>\n<div class=\"qodef-e qodef-image-wrapper qodef-grid-item\">\n\t<div class=\"qodef-e-inner\">\n\t\t\t\t\t<a class=\"qodef-popup-item\" itemprop=\"image\" href=\"https:\/\/www.apartmani-rab.com\/wp-content\/uploads\/2023\/02\/apatmani-sandro-supetarska-draga-app204.jpg\" data-type=\"image\" data-fslightbox=\"gallery-865\">\n\t\t\t\t\t<img loading=\"lazy\" decoding=\"async\" src=\"https:\/\/www.apartmani-rab.com\/wp-content\/uploads\/2023\/02\/apatmani-sandro-supetarska-draga-app204-600x600.jpg\" alt=\"\" width=\"600\" height=\"600\" \/>\t\t\t\t\t<\/a>\n\t\t\t<\/div>\n<\/div>\n<div class=\"qodef-e qodef-image-wrapper qodef-grid-item\">\n\t<div class=\"qodef-e-inner\">\n\t\t\t\t\t<a class=\"qodef-popup-item\" itemprop=\"image\" href=\"https:\/\/www.apartmani-rab.com\/wp-content\/uploads\/2023\/02\/apatmani-sandro-supetarska-draga-app205.jpg\" data-type=\"image\" data-fslightbox=\"gallery-865\">\n\t\t\t\t\t<img loading=\"lazy\" decoding=\"async\" src=\"https:\/\/www.apartmani-rab.com\/wp-content\/uploads\/2023\/02\/apatmani-sandro-supetarska-draga-app205-600x600.jpg\" alt=\"\" width=\"600\" height=\"600\" \/>\t\t\t\t\t<\/a>\n\t\t\t<\/div>\n<\/div>\n<div class=\"qodef-e qodef-image-wrapper qodef-grid-item\">\n\t<div class=\"qodef-e-inner\">\n\t\t\t\t\t<a class=\"qodef-popup-item\" itemprop=\"image\" href=\"https:\/\/www.apartmani-rab.com\/wp-content\/uploads\/2023\/02\/apatmani-sandro-supetarska-draga-app206.jpg\" data-type=\"image\" data-fslightbox=\"gallery-865\">\n\t\t\t\t\t<img loading=\"lazy\" decoding=\"async\" src=\"https:\/\/www.apartmani-rab.com\/wp-content\/uploads\/2023\/02\/apatmani-sandro-supetarska-draga-app206-600x600.jpg\" alt=\"\" width=\"600\" height=\"600\" \/>\t\t\t\t\t<\/a>\n\t\t\t<\/div>\n<\/div>\n<div class=\"qodef-e qodef-image-wrapper qodef-grid-item\">\n\t<div class=\"qodef-e-inner\">\n\t\t\t\t\t<a class=\"qodef-popup-item\" itemprop=\"image\" href=\"https:\/\/www.apartmani-rab.com\/wp-content\/uploads\/2023\/02\/apatmani-sandro-supetarska-draga-app207.jpg\" data-type=\"image\" data-fslightbox=\"gallery-865\">\n\t\t\t\t\t<img loading=\"lazy\" decoding=\"async\" src=\"https:\/\/www.apartmani-rab.com\/wp-content\/uploads\/2023\/02\/apatmani-sandro-supetarska-draga-app207-600x600.jpg\" alt=\"\" width=\"600\" height=\"600\" \/>\t\t\t\t\t<\/a>\n\t\t\t<\/div>\n<\/div>\n<div class=\"qodef-e qodef-image-wrapper qodef-grid-item\">\n\t<div class=\"qodef-e-inner\">\n\t\t\t\t\t<a class=\"qodef-popup-item\" itemprop=\"image\" href=\"https:\/\/www.apartmani-rab.com\/wp-content\/uploads\/2023\/02\/apatmani-sandro-supetarska-draga-app208.jpg\" data-type=\"image\" data-fslightbox=\"gallery-865\">\n\t\t\t\t\t<img loading=\"lazy\" decoding=\"async\" src=\"https:\/\/www.apartmani-rab.com\/wp-content\/uploads\/2023\/02\/apatmani-sandro-supetarska-draga-app208-600x600.jpg\" alt=\"\" width=\"600\" height=\"600\" \/>\t\t\t\t\t<\/a>\n\t\t\t<\/div>\n<\/div>\n<div class=\"qodef-e qodef-image-wrapper qodef-grid-item\">\n\t<div class=\"qodef-e-inner\">\n\t\t\t\t\t<a class=\"qodef-popup-item\" itemprop=\"image\" href=\"https:\/\/www.apartmani-rab.com\/wp-content\/uploads\/2023\/02\/apatmani-sandro-supetarska-draga-app209.jpg\" data-type=\"image\" data-fslightbox=\"gallery-865\">\n\t\t\t\t\t<img loading=\"lazy\" decoding=\"async\" src=\"https:\/\/www.apartmani-rab.com\/wp-content\/uploads\/2023\/02\/apatmani-sandro-supetarska-draga-app209-600x600.jpg\" alt=\"\" width=\"600\" height=\"600\" \/>\t\t\t\t\t<\/a>\n\t\t\t<\/div>\n<\/div>\n<div class=\"qodef-e qodef-image-wrapper qodef-grid-item\">\n\t<div class=\"qodef-e-inner\">\n\t\t\t\t\t<a class=\"qodef-popup-item\" itemprop=\"image\" href=\"https:\/\/www.apartmani-rab.com\/wp-content\/uploads\/2023\/02\/apatmani-sandro-supetarska-draga-app210.jpg\" data-type=\"image\" data-fslightbox=\"gallery-865\">\n\t\t\t\t\t<img loading=\"lazy\" decoding=\"async\" src=\"https:\/\/www.apartmani-rab.com\/wp-content\/uploads\/2023\/02\/apatmani-sandro-supetarska-draga-app210-600x600.jpg\" alt=\"\" width=\"600\" height=\"600\" \/>\t\t\t\t\t<\/a>\n\t\t\t<\/div>\n<\/div>\n<div class=\"qodef-e qodef-image-wrapper qodef-grid-item\">\n\t<div class=\"qodef-e-inner\">\n\t\t\t\t\t<a class=\"qodef-popup-item\" itemprop=\"image\" href=\"https:\/\/www.apartmani-rab.com\/wp-content\/uploads\/2023\/02\/apatmani-sandro-supetarska-draga-app211.jpg\" data-type=\"image\" data-fslightbox=\"gallery-865\">\n\t\t\t\t\t<img loading=\"lazy\" decoding=\"async\" src=\"https:\/\/www.apartmani-rab.com\/wp-content\/uploads\/2023\/02\/apatmani-sandro-supetarska-draga-app211-600x600.jpg\" alt=\"\" width=\"600\" height=\"600\" \/>\t\t\t\t\t<\/a>\n\t\t\t<\/div>\n<\/div>\n<div class=\"qodef-e qodef-image-wrapper qodef-grid-item\">\n\t<div class=\"qodef-e-inner\">\n\t\t\t\t\t<a class=\"qodef-popup-item\" itemprop=\"image\" href=\"https:\/\/www.apartmani-rab.com\/wp-content\/uploads\/2023\/02\/apatmani-sandro-supetarska-draga-app212.jpg\" data-type=\"image\" data-fslightbox=\"gallery-865\">\n\t\t\t\t\t<img loading=\"lazy\" decoding=\"async\" src=\"https:\/\/www.apartmani-rab.com\/wp-content\/uploads\/2023\/02\/apatmani-sandro-supetarska-draga-app212-600x600.jpg\" alt=\"\" width=\"600\" height=\"600\" \/>\t\t\t\t\t<\/a>\n\t\t\t<\/div>\n<\/div>\n<div class=\"qodef-e qodef-image-wrapper qodef-grid-item\">\n\t<div class=\"qodef-e-inner\">\n\t\t\t\t\t<a class=\"qodef-popup-item\" itemprop=\"image\" href=\"https:\/\/www.apartmani-rab.com\/wp-content\/uploads\/2023\/02\/apatmani-sandro-supetarska-draga-app213.jpg\" data-type=\"image\" data-fslightbox=\"gallery-865\">\n\t\t\t\t\t<img loading=\"lazy\" decoding=\"async\" src=\"https:\/\/www.apartmani-rab.com\/wp-content\/uploads\/2023\/02\/apatmani-sandro-supetarska-draga-app213-600x600.jpg\" alt=\"\" width=\"600\" height=\"600\" \/>\t\t\t\t\t<\/a>\n\t\t\t<\/div>\n<\/div>\n<div class=\"qodef-e qodef-image-wrapper qodef-grid-item\">\n\t<div class=\"qodef-e-inner\">\n\t\t\t\t\t<a class=\"qodef-popup-item\" itemprop=\"image\" href=\"https:\/\/www.apartmani-rab.com\/wp-content\/uploads\/2023\/02\/apatmani-sandro-supetarska-draga-app214.jpg\" data-type=\"image\" data-fslightbox=\"gallery-865\">\n\t\t\t\t\t<img loading=\"lazy\" decoding=\"async\" src=\"https:\/\/www.apartmani-rab.com\/wp-content\/uploads\/2023\/02\/apatmani-sandro-supetarska-draga-app214-600x600.jpg\" alt=\"\" width=\"600\" height=\"600\" \/>\t\t\t\t\t<\/a>\n\t\t\t<\/div>\n<\/div>\n\t<\/div>\n<\/div>\n\t\t<\/div>\n\t\t\t\t<\/div>\n\t\t\t\t\t<\/div>\n\t\t<\/div>\n\t\t\t\t\t<\/div>\n\t\t<\/section>\n\t\t\t\t<section class=\"elementor-section elementor-top-section elementor-element elementor-element-1151e10 qodef-elementor-content-grid elementor-section-boxed elementor-section-height-default elementor-section-height-default\" data-id=\"1151e10\" data-element_type=\"section\" data-settings=\"{&quot;background_background&quot;:&quot;classic&quot;}\">\n\t\t\t\t\t\t<div class=\"elementor-container elementor-column-gap-default\">\n\t\t\t\t\t<div class=\"elementor-column elementor-col-100 elementor-top-column elementor-element elementor-element-c399d74\" data-id=\"c399d74\" data-element_type=\"column\">\n\t\t\t<div class=\"elementor-widget-wrap elementor-element-populated\">\n\t\t\t\t\t\t<div class=\"elementor-element elementor-element-5dd03f1 elementor-widget elementor-widget-qi_addons_for_elementor_section_title\" data-id=\"5dd03f1\" data-element_type=\"widget\" data-widget_type=\"qi_addons_for_elementor_section_title.default\">\n\t\t\t\t<div class=\"elementor-widget-container\">\n\t\t\t<div class=\"qodef-shortcode qodef-m  qodef-qi-section-title  qodef-decoration--italic  qodef-link--underline-draw qodef-subtitle-icon--left\">\n\t\t\t<h3 class=\"qodef-m-title\">\n\t\tWillkommen in unserer Oase der Ruhe!\t<\/h3>\n\t\t\t\t<h6 class=\"qodef-m-subtitle\">\n\t\tIhre Gastgeber: Melita &amp; Edo &amp; Sandro &amp; Mia  Makaus\t\t\t<\/h6>\n\t\t\t\t<div class=\"qodef-m-button qodef-qi-clear\">\n\t\t<a class=\"qodef-shortcode qodef-m  qodef-qi-button qodef-html--link qodef-layout--filled qodef-type--standard qodef-size--small  qodef-icon--right qodef-hover--icon-move-horizontal-short     \" href=\"https:\/\/www.apartmani-rab.com\/de\/ferienwohnungen-sandro-gonar-supetarska-draga-rab\" target=\"_self\">\t<span class=\"qodef-m-text\">KONTAKT<\/span>\t<\/a>\t<\/div>\n<\/div>\n\t\t<\/div>\n\t\t\t\t<\/div>\n\t\t\t\t\t<\/div>\n\t\t<\/div>\n\t\t\t\t\t<\/div>\n\t\t<\/section>\n\t\t\t\t<\/div>\n\t\t","protected":false},"excerpt":{"rendered":"<p>APP 2 RED 2+2 Personen \u2b50\u2b50\u2b50\u2b50 AUSR\u00dcSTUNG 2+2 PERSONEN K\u00fcche mit kompletter Ausstattung (Geschirrsp\u00fcler, Backofen, K\u00fchlschrank, Gefrierschrank, Wasserkocher, Kaffeemaschine, Toaster&#8230;) Wohnzimmer mit Couch und TV\/SATEsszimmer1 Schlafzimmer1 Badezimmer (Waschmaschine)Terrasse mit eigenem Grill und SonnenliegenParkplatzWi-Fi ENTFERNUNGEN AUS DER WOHNUNG Entfernung zum Meer 300 m (10 Minuten zu Fu\u00df)Entfernung zum Gesch\u00e4ft 300 mEntfernung zum Caf\u00e9\/Restaurant 250 mEntfernung zum [&hellip;]<\/p>\n","protected":false},"author":1,"featured_media":0,"parent":0,"menu_order":0,"comment_status":"closed","ping_status":"closed","template":"qi-full-width.php","meta":{"footnotes":""},"class_list":["post-1971","page","type-page","status-publish","hentry"],"yoast_head":"<!-- This site is optimized with the Yoast SEO plugin v23.7 - https:\/\/yoast.com\/wordpress\/plugins\/seo\/ -->\n<title>APP2 - Ferienwohnungen Sandro Supetarska Draga, Rab<\/title>\n<meta name=\"description\" content=\"APP2 - Ferienwohnungen Sandro Supetarska Draga, Rab\" \/>\n<meta name=\"robots\" content=\"index, follow, max-snippet:-1, max-image-preview:large, max-video-preview:-1\" \/>\n<link rel=\"canonical\" href=\"https:\/\/www.apartmani-rab.com\/de\/ferienwohnungen-sandro-supetarska-draga-app2\/\" \/>\n<meta property=\"og:locale\" content=\"de_DE\" \/>\n<meta property=\"og:type\" content=\"article\" \/>\n<meta property=\"og:title\" content=\"APP2 - Ferienwohnungen Sandro Supetarska Draga, Rab\" \/>\n<meta property=\"og:description\" content=\"APP2 - Ferienwohnungen Sandro Supetarska Draga, Rab\" \/>\n<meta property=\"og:url\" content=\"https:\/\/www.apartmani-rab.com\/de\/ferienwohnungen-sandro-supetarska-draga-app2\/\" \/>\n<meta property=\"og:site_name\" content=\"Apartmani &quot;Sandro&quot; Supetarska Draga - Rab\" \/>\n<meta property=\"article:publisher\" content=\"https:\/\/www.facebook.com\/apartmanisandro\/\" \/>\n<meta property=\"article:modified_time\" content=\"2023-02-10T06:55:35+00:00\" \/>\n<meta property=\"og:image\" content=\"https:\/\/www.apartmani-rab.com\/wp-content\/uploads\/2023\/02\/apatmani-sandro-supetarska-draga-app201-600x600.jpg\" \/>\n<meta name=\"twitter:card\" content=\"summary_large_image\" \/>\n<meta name=\"twitter:label1\" content=\"Gesch\u00e4tzte Lesezeit\" \/>\n\t<meta name=\"twitter:data1\" content=\"5\u00a0Minuten\" \/>\n<script type=\"application\/ld+json\" class=\"yoast-schema-graph\">{\"@context\":\"https:\/\/schema.org\",\"@graph\":[{\"@type\":\"WebPage\",\"@id\":\"https:\/\/www.apartmani-rab.com\/de\/ferienwohnungen-sandro-supetarska-draga-app2\/\",\"url\":\"https:\/\/www.apartmani-rab.com\/de\/ferienwohnungen-sandro-supetarska-draga-app2\/\",\"name\":\"APP2 - Ferienwohnungen Sandro Supetarska Draga, Rab\",\"isPartOf\":{\"@id\":\"https:\/\/www.apartmani-rab.com\/#website\"},\"primaryImageOfPage\":{\"@id\":\"https:\/\/www.apartmani-rab.com\/de\/ferienwohnungen-sandro-supetarska-draga-app2\/#primaryimage\"},\"image\":{\"@id\":\"https:\/\/www.apartmani-rab.com\/de\/ferienwohnungen-sandro-supetarska-draga-app2\/#primaryimage\"},\"thumbnailUrl\":\"https:\/\/www.apartmani-rab.com\/wp-content\/uploads\/2023\/02\/apatmani-sandro-supetarska-draga-app201-600x600.jpg\",\"datePublished\":\"2023-02-01T13:00:36+00:00\",\"dateModified\":\"2023-02-10T06:55:35+00:00\",\"description\":\"APP2 - Ferienwohnungen Sandro Supetarska Draga, Rab\",\"breadcrumb\":{\"@id\":\"https:\/\/www.apartmani-rab.com\/de\/ferienwohnungen-sandro-supetarska-draga-app2\/#breadcrumb\"},\"inLanguage\":\"de\",\"potentialAction\":[{\"@type\":\"ReadAction\",\"target\":[\"https:\/\/www.apartmani-rab.com\/de\/ferienwohnungen-sandro-supetarska-draga-app2\/\"]}]},{\"@type\":\"ImageObject\",\"inLanguage\":\"de\",\"@id\":\"https:\/\/www.apartmani-rab.com\/de\/ferienwohnungen-sandro-supetarska-draga-app2\/#primaryimage\",\"url\":\"https:\/\/www.apartmani-rab.com\/wp-content\/uploads\/2023\/02\/apatmani-sandro-supetarska-draga-app201-600x600.jpg\",\"contentUrl\":\"https:\/\/www.apartmani-rab.com\/wp-content\/uploads\/2023\/02\/apatmani-sandro-supetarska-draga-app201-600x600.jpg\"},{\"@type\":\"BreadcrumbList\",\"@id\":\"https:\/\/www.apartmani-rab.com\/de\/ferienwohnungen-sandro-supetarska-draga-app2\/#breadcrumb\",\"itemListElement\":[{\"@type\":\"ListItem\",\"position\":1,\"name\":\"Po\u010detna stranica\",\"item\":\"https:\/\/www.apartmani-rab.com\/de\/\"},{\"@type\":\"ListItem\",\"position\":2,\"name\":\"App 2\"}]},{\"@type\":\"WebSite\",\"@id\":\"https:\/\/www.apartmani-rab.com\/#website\",\"url\":\"https:\/\/www.apartmani-rab.com\/\",\"name\":\"Apartmani Sandro Supetarska Draga - Rab\",\"description\":\"Dobro do\u0161li u na\u0161u oazu miru u Supetarskoj Dragi\",\"publisher\":{\"@id\":\"https:\/\/www.apartmani-rab.com\/#organization\"},\"potentialAction\":[{\"@type\":\"SearchAction\",\"target\":{\"@type\":\"EntryPoint\",\"urlTemplate\":\"https:\/\/www.apartmani-rab.com\/?s={search_term_string}\"},\"query-input\":{\"@type\":\"PropertyValueSpecification\",\"valueRequired\":true,\"valueName\":\"search_term_string\"}}],\"inLanguage\":\"de\"},{\"@type\":\"Organization\",\"@id\":\"https:\/\/www.apartmani-rab.com\/#organization\",\"name\":\"Apartmani Sandro Supetarska Draga - Rab\",\"url\":\"https:\/\/www.apartmani-rab.com\/\",\"logo\":{\"@type\":\"ImageObject\",\"inLanguage\":\"de\",\"@id\":\"https:\/\/www.apartmani-rab.com\/#\/schema\/logo\/image\/\",\"url\":\"https:\/\/www.apartmani-rab.com\/wp-content\/uploads\/2023\/01\/apartmani-sandro-logo.png\",\"contentUrl\":\"https:\/\/www.apartmani-rab.com\/wp-content\/uploads\/2023\/01\/apartmani-sandro-logo.png\",\"width\":606,\"height\":114,\"caption\":\"Apartmani Sandro Supetarska Draga - Rab\"},\"image\":{\"@id\":\"https:\/\/www.apartmani-rab.com\/#\/schema\/logo\/image\/\"},\"sameAs\":[\"https:\/\/www.facebook.com\/apartmanisandro\/\",\"https:\/\/www.instagram.com\/apartmani_sandro\/\"]}]}<\/script>\n<!-- \/ Yoast SEO plugin. -->","yoast_head_json":{"title":"APP2 - Ferienwohnungen Sandro Supetarska Draga, Rab","description":"APP2 - Ferienwohnungen Sandro Supetarska Draga, Rab","robots":{"index":"index","follow":"follow","max-snippet":"max-snippet:-1","max-image-preview":"max-image-preview:large","max-video-preview":"max-video-preview:-1"},"canonical":"https:\/\/www.apartmani-rab.com\/de\/ferienwohnungen-sandro-supetarska-draga-app2\/","og_locale":"de_DE","og_type":"article","og_title":"APP2 - Ferienwohnungen Sandro Supetarska Draga, Rab","og_description":"APP2 - Ferienwohnungen Sandro Supetarska Draga, Rab","og_url":"https:\/\/www.apartmani-rab.com\/de\/ferienwohnungen-sandro-supetarska-draga-app2\/","og_site_name":"Apartmani &quot;Sandro&quot; Supetarska Draga - Rab","article_publisher":"https:\/\/www.facebook.com\/apartmanisandro\/","article_modified_time":"2023-02-10T06:55:35+00:00","og_image":[{"url":"https:\/\/www.apartmani-rab.com\/wp-content\/uploads\/2023\/02\/apatmani-sandro-supetarska-draga-app201-600x600.jpg"}],"twitter_card":"summary_large_image","twitter_misc":{"Gesch\u00e4tzte Lesezeit":"5\u00a0Minuten"},"schema":{"@context":"https:\/\/schema.org","@graph":[{"@type":"WebPage","@id":"https:\/\/www.apartmani-rab.com\/de\/ferienwohnungen-sandro-supetarska-draga-app2\/","url":"https:\/\/www.apartmani-rab.com\/de\/ferienwohnungen-sandro-supetarska-draga-app2\/","name":"APP2 - Ferienwohnungen Sandro Supetarska Draga, Rab","isPartOf":{"@id":"https:\/\/www.apartmani-rab.com\/#website"},"primaryImageOfPage":{"@id":"https:\/\/www.apartmani-rab.com\/de\/ferienwohnungen-sandro-supetarska-draga-app2\/#primaryimage"},"image":{"@id":"https:\/\/www.apartmani-rab.com\/de\/ferienwohnungen-sandro-supetarska-draga-app2\/#primaryimage"},"thumbnailUrl":"https:\/\/www.apartmani-rab.com\/wp-content\/uploads\/2023\/02\/apatmani-sandro-supetarska-draga-app201-600x600.jpg","datePublished":"2023-02-01T13:00:36+00:00","dateModified":"2023-02-10T06:55:35+00:00","description":"APP2 - Ferienwohnungen Sandro Supetarska Draga, Rab","breadcrumb":{"@id":"https:\/\/www.apartmani-rab.com\/de\/ferienwohnungen-sandro-supetarska-draga-app2\/#breadcrumb"},"inLanguage":"de","potentialAction":[{"@type":"ReadAction","target":["https:\/\/www.apartmani-rab.com\/de\/ferienwohnungen-sandro-supetarska-draga-app2\/"]}]},{"@type":"ImageObject","inLanguage":"de","@id":"https:\/\/www.apartmani-rab.com\/de\/ferienwohnungen-sandro-supetarska-draga-app2\/#primaryimage","url":"https:\/\/www.apartmani-rab.com\/wp-content\/uploads\/2023\/02\/apatmani-sandro-supetarska-draga-app201-600x600.jpg","contentUrl":"https:\/\/www.apartmani-rab.com\/wp-content\/uploads\/2023\/02\/apatmani-sandro-supetarska-draga-app201-600x600.jpg"},{"@type":"BreadcrumbList","@id":"https:\/\/www.apartmani-rab.com\/de\/ferienwohnungen-sandro-supetarska-draga-app2\/#breadcrumb","itemListElement":[{"@type":"ListItem","position":1,"name":"Po\u010detna stranica","item":"https:\/\/www.apartmani-rab.com\/de\/"},{"@type":"ListItem","position":2,"name":"App 2"}]},{"@type":"WebSite","@id":"https:\/\/www.apartmani-rab.com\/#website","url":"https:\/\/www.apartmani-rab.com\/","name":"Apartmani Sandro Supetarska Draga - Rab","description":"Dobro do\u0161li u na\u0161u oazu miru u Supetarskoj Dragi","publisher":{"@id":"https:\/\/www.apartmani-rab.com\/#organization"},"potentialAction":[{"@type":"SearchAction","target":{"@type":"EntryPoint","urlTemplate":"https:\/\/www.apartmani-rab.com\/?s={search_term_string}"},"query-input":{"@type":"PropertyValueSpecification","valueRequired":true,"valueName":"search_term_string"}}],"inLanguage":"de"},{"@type":"Organization","@id":"https:\/\/www.apartmani-rab.com\/#organization","name":"Apartmani Sandro Supetarska Draga - Rab","url":"https:\/\/www.apartmani-rab.com\/","logo":{"@type":"ImageObject","inLanguage":"de","@id":"https:\/\/www.apartmani-rab.com\/#\/schema\/logo\/image\/","url":"https:\/\/www.apartmani-rab.com\/wp-content\/uploads\/2023\/01\/apartmani-sandro-logo.png","contentUrl":"https:\/\/www.apartmani-rab.com\/wp-content\/uploads\/2023\/01\/apartmani-sandro-logo.png","width":606,"height":114,"caption":"Apartmani Sandro Supetarska Draga - Rab"},"image":{"@id":"https:\/\/www.apartmani-rab.com\/#\/schema\/logo\/image\/"},"sameAs":["https:\/\/www.facebook.com\/apartmanisandro\/","https:\/\/www.instagram.com\/apartmani_sandro\/"]}]}},"_links":{"self":[{"href":"https:\/\/www.apartmani-rab.com\/de\/wp-json\/wp\/v2\/pages\/1971","targetHints":{"allow":["GET"]}}],"collection":[{"href":"https:\/\/www.apartmani-rab.com\/de\/wp-json\/wp\/v2\/pages"}],"about":[{"href":"https:\/\/www.apartmani-rab.com\/de\/wp-json\/wp\/v2\/types\/page"}],"author":[{"embeddable":true,"href":"https:\/\/www.apartmani-rab.com\/de\/wp-json\/wp\/v2\/users\/1"}],"replies":[{"embeddable":true,"href":"https:\/\/www.apartmani-rab.com\/de\/wp-json\/wp\/v2\/comments?post=1971"}],"version-history":[{"count":11,"href":"https:\/\/www.apartmani-rab.com\/de\/wp-json\/wp\/v2\/pages\/1971\/revisions"}],"predecessor-version":[{"id":2220,"href":"https:\/\/www.apartmani-rab.com\/de\/wp-json\/wp\/v2\/pages\/1971\/revisions\/2220"}],"wp:attachment":[{"href":"https:\/\/www.apartmani-rab.com\/de\/wp-json\/wp\/v2\/media?parent=1971"}],"curies":[{"name":"wp","href":"https:\/\/api.w.org\/{rel}","templated":true}]}}